{"id":125,"date":"2024-01-25T15:17:48","date_gmt":"2024-01-25T14:17:48","guid":{"rendered":"https:\/\/pna-aciers14.fr\/?page_id=125"},"modified":"2024-07-16T11:11:54","modified_gmt":"2024-07-16T09:11:54","slug":"produits-en-inox","status":"publish","type":"page","link":"https:\/\/pna-aciers14.fr\/index.php\/produits-en-inox\/","title":{"rendered":"Produits en inox"},"content":{"rendered":"<p>[et_pb_section fb_built=&#8221;1&#8243; admin_label=&#8221;Header&#8221; _builder_version=&#8221;4.18.0&#8243; _module_preset=&#8221;default&#8221; use_background_color_gradient=&#8221;on&#8221; background_color_gradient_stops=&#8221;rgba(34,34,34,0) 0%|gcid-1f9b0bb3-481a-49f1-9fe6-999fc3c3182b 100%&#8221; background_color_gradient_overlays_image=&#8221;on&#8221; background_image=&#8221;https:\/\/pna-aciers14.fr\/wp-content\/uploads\/2024\/01\/outils-pour-cles-acier-scaled.jpg&#8221; background_position=&#8221;top_center&#8221; custom_padding=&#8221;90px||90px||true|false&#8221; locked=&#8221;off&#8221; collapsed=&#8221;on&#8221; global_colors_info=&#8221;{%22gcid-1f9b0bb3-481a-49f1-9fe6-999fc3c3182b%22:%91%22background_color_gradient_stops%22%93}&#8221;][et_pb_row _builder_version=&#8221;4.20.0&#8243; _module_preset=&#8221;default&#8221; global_colors_info=&#8221;{}&#8221;][et_pb_column type=&#8221;4_4&#8243; _builder_version=&#8221;4.20.0&#8243; _module_preset=&#8221;default&#8221; global_colors_info=&#8221;{}&#8221;][et_pb_text _builder_version=&#8221;4.18.0&#8243; _module_preset=&#8221;09624ae8-18b1-44e0-a513-886851ea017c&#8221; header_text_color=&#8221;#FFFFFF&#8221; text_orientation=&#8221;center&#8221; custom_margin=&#8221;||10px||false|false&#8221; global_colors_info=&#8221;{}&#8221;]<\/p>\n<h1>Produits en inox<\/h1>\n<p>[\/et_pb_text][\/et_pb_column][\/et_pb_row][\/et_pb_section][et_pb_section fb_built=&#8221;1&#8243; make_equal=&#8221;on&#8221; specialty=&#8221;on&#8221; background_color_1=&#8221;#E91A24&#8243; padding_top_1=&#8221;30px&#8221; padding_right_1=&#8221;30px&#8221; padding_bottom_1=&#8221;30px&#8221; padding_left_1=&#8221;30px&#8221; padding_top_bottom_link_1=&#8221;true&#8221; padding_left_right_link_1=&#8221;true&#8221; _builder_version=&#8221;4.18.0&#8243; _module_preset=&#8221;default&#8221; custom_padding=&#8221;0px||0px||true|&#8221; global_colors_info=&#8221;{}&#8221;][et_pb_column type=&#8221;1_3&#8243; admin_label=&#8221;Colonne&#8221; _builder_version=&#8221;4.16&#8243; _module_preset=&#8221;default&#8221; custom_padding=&#8221;|||&#8221; global_colors_info=&#8221;{}&#8221; custom_padding__hover=&#8221;|||&#8221;][et_pb_text _builder_version=&#8221;4.18.0&#8243; _module_preset=&#8221;09624ae8-18b1-44e0-a513-886851ea017c&#8221; header_text_color=&#8221;#FFFFFF&#8221; header_font_size=&#8221;45px&#8221; text_orientation=&#8221;center&#8221; custom_margin=&#8221;||54px||false|false&#8221; global_colors_info=&#8221;{}&#8221;]<\/p>\n<h1>nos prestations<\/h1>\n<p>[\/et_pb_text][et_pb_menu menu_id=&#8221;10&#8243; dropdown_menu_bg_color=&#8221;#E91A24&#8243; dropdown_menu_line_color=&#8221;#E91A24&#8243; dropdown_menu_text_color=&#8221;#E91A24&#8243; dropdown_menu_active_link_color=&#8221;#E91A24&#8243; mobile_menu_bg_color=&#8221;#E91A24&#8243; mobile_menu_text_color=&#8221;#E91A24&#8243; _builder_version=&#8221;4.18.0&#8243; _module_preset=&#8221;default&#8221; menu_font=&#8221;Roboto Condensed|700|||||||&#8221; menu_text_color=&#8221;#FFFFFF&#8221; menu_font_size=&#8221;22px&#8221; menu_line_height=&#8221;2em&#8221; background_color=&#8221;RGBA(255,255,255,0)&#8221; global_colors_info=&#8221;{}&#8221; menu_text_color__hover_enabled=&#8221;on|desktop&#8221; menu_text_color__hover=&#8221;#393534&#8243;][\/et_pb_menu][\/et_pb_column][et_pb_column type=&#8221;2_3&#8243; specialty_columns=&#8221;2&#8243; _builder_version=&#8221;4.16&#8243; _module_preset=&#8221;default&#8221; custom_padding=&#8221;|||&#8221; global_colors_info=&#8221;{}&#8221; custom_padding__hover=&#8221;|||&#8221;][et_pb_row_inner _builder_version=&#8221;4.18.0&#8243; _module_preset=&#8221;default&#8221; global_colors_info=&#8221;{}&#8221;][et_pb_column_inner saved_specialty_column_type=&#8221;2_3&#8243; _builder_version=&#8221;4.20.0&#8243; _module_preset=&#8221;default&#8221; global_colors_info=&#8221;{}&#8221;][et_pb_text _builder_version=&#8221;4.18.0&#8243; _module_preset=&#8221;d6d98d4b-c702-4848-970b-b6ebdcd37453&#8243; locked=&#8221;off&#8221; global_colors_info=&#8221;{}&#8221;]<\/p>\n<h4 style=\"text-align: justify;\">Nous sommes fiers de vous pr\u00e9senter une gamme compl\u00e8te de t\u00f4les de couverture de haute qualit\u00e9, con\u00e7ues pour allier esth\u00e9tique, durabilit\u00e9 et performance.<\/h4>\n<h4 style=\"text-align: justify;\">Explorez notre s\u00e9lection pour d\u00e9couvrir comment nos produits peuvent am\u00e9liorer l&#8217;apparence et la protection de vos structures gr\u00e2ce \u00e0 PNA \u00e0 <a href=\"https:\/\/www.google.com\/maps\/place\/\/data=!4m2!3m1!1s0x48095a6105e03eb9:0x6bd15030538f5513?sa=X&amp;ved=2ahUKEwjVl9ix9YeEAxWsSkEAHUzWDcgQ4kB6BAgrEAA\" data-url=\"\/maps\/place\/\/data=!4m2!3m1!1s0x48095a6105e03eb9:0x6bd15030538f5513?sa=X&amp;ved=2ahUKEwjVl9ix9YeEAxWsSkEAHUzWDcgQ4kB6BAgrEAA\" ping=\"\/url?sa=t&amp;source=web&amp;rct=j&amp;opi=89978449&amp;url=\/maps\/place\/\/data%3D!4m2!3m1!1s0x48095a6105e03eb9:0x6bd15030538f5513%3Fsa%3DX%26ved%3D2ahUKEwjVl9ix9YeEAxWsSkEAHUzWDcgQ4kB6BAgrEAA&amp;ved=2ahUKEwjVl9ix9YeEAxWsSkEAHUzWDcgQ4kB6BAhMEAM\" tabindex=\"0\" target=\"_blank\" rel=\"noopener\"><span>Isigny-le-Buat.<\/span><\/a><\/h4>\n<p>[\/et_pb_text][et_pb_image src=&#8221;https:\/\/pna-aciers14.fr\/wp-content\/uploads\/2024\/01\/marteau-dans-entrepot-industriel-scaled.jpg&#8221; title_text=&#8221;Hammer in an industrial warehouse&#8221; _builder_version=&#8221;4.18.0&#8243; _module_preset=&#8221;default&#8221; locked=&#8221;off&#8221; global_colors_info=&#8221;{}&#8221;][\/et_pb_image][et_pb_text module_id=&#8221;policedepartment&#8221; _builder_version=&#8221;4.18.0&#8243; _module_preset=&#8221;d6d98d4b-c702-4848-970b-b6ebdcd37453&#8243; custom_margin=&#8221;||0px||false|false&#8221; global_colors_info=&#8221;{}&#8221;]<\/p>\n<h4>UNE GAMME DIVERSIFI\u00c9E D&#8217;INOX POUR SATISFAIRE TOUS VOS BESOINS<\/h4>\n<p>[\/et_pb_text][et_pb_text _builder_version=&#8221;4.18.0&#8243; _module_preset=&#8221;97d4d5f8-4c4f-4945-a2c8-88bfb590dd9a&#8221; global_colors_info=&#8221;{}&#8221;]<\/p>\n<p style=\"text-align: justify;\">Depuis plus de 12 ans, nous nous sommes positionn\u00e9s en tant que r\u00e9f\u00e9rence dans la distribution de mat\u00e9riaux m\u00e9talliques, mettant \u00e0 votre disposition une gamme \u00e9tendue de produits en inox. Notre inventaire diversifi\u00e9 comprend une s\u00e9lection vari\u00e9e de produits, notamment des tubes en inox, des t\u00f4les de bardage et de couverture, du fer carr\u00e9, des tubes pleins, ainsi que des corni\u00e8res.<\/p>\n<p style=\"text-align: justify;\">Nos tubes en inox se d\u00e9clinent dans une multitude de formes, allant des carr\u00e9es aux rondes, en passant par les rectangulaires, et sont disponibles dans des dimensions adapt\u00e9es \u00e0 vos besoins sp\u00e9cifiques.<\/p>\n<p>[\/et_pb_text][et_pb_text module_id=&#8221;policedepartment&#8221; _builder_version=&#8221;4.18.0&#8243; _module_preset=&#8221;d6d98d4b-c702-4848-970b-b6ebdcd37453&#8243; custom_margin=&#8221;||0px||false|false&#8221; global_colors_info=&#8221;{}&#8221;]<\/p>\n<h4>L&#8217;\u00c9QUIPE P.N.A \u00c0 VOTRE SERVICE<\/h4>\n<p>[\/et_pb_text][et_pb_text _builder_version=&#8221;4.18.0&#8243; _module_preset=&#8221;97d4d5f8-4c4f-4945-a2c8-88bfb590dd9a&#8221; hover_enabled=&#8221;0&#8243; global_colors_info=&#8221;{}&#8221; sticky_enabled=&#8221;0&#8243;]<\/p>\n<p style=\"text-align: justify;\">Notre \u00e9quipe d\u00e9di\u00e9e se tient pr\u00eate \u00e0 vous accueillir chaleureusement et \u00e0 vous guider dans le choix des produits en inox qui r\u00e9pondront \u00e0 vos attentes. Que vous ayez des besoins pour des projets r\u00e9sidentiels, commerciaux ou industriels, nous sommes l\u00e0 pour vous fournir des solutions sur mesure.<\/p>\n<p>[\/et_pb_text][et_pb_text module_id=&#8221;firedepartment&#8221; _builder_version=&#8221;4.18.0&#8243; _module_preset=&#8221;d6d98d4b-c702-4848-970b-b6ebdcd37453&#8243; custom_margin=&#8221;||0px||false|false&#8221; global_colors_info=&#8221;{}&#8221;]<\/p>\n<h4>AVANTAGES DE L&#8217;INOX<\/h4>\n<p>[\/et_pb_text][et_pb_text _builder_version=&#8221;4.18.0&#8243; _module_preset=&#8221;97d4d5f8-4c4f-4945-a2c8-88bfb590dd9a&#8221; hover_enabled=&#8221;0&#8243; global_colors_info=&#8221;{}&#8221; sticky_enabled=&#8221;0&#8243;]<\/p>\n<p style=\"text-align: justify;\">L&#8217;inox pr\u00e9sente des avantages ind\u00e9niables, alliant r\u00e9sistance \u00e0 la corrosion, durabilit\u00e9 exceptionnelle et esth\u00e9tique moderne. Nos produits en inox sont con\u00e7us pour r\u00e9pondre aux normes les plus \u00e9lev\u00e9es, assurant une performance optimale dans diverses applications.<\/p>\n<p>[\/et_pb_text][et_pb_text module_id=&#8221;publicworks&#8221; _builder_version=&#8221;4.18.0&#8243; _module_preset=&#8221;d6d98d4b-c702-4848-970b-b6ebdcd37453&#8243; custom_margin=&#8221;||0px||false|false&#8221; hover_enabled=&#8221;0&#8243; global_colors_info=&#8221;{}&#8221; sticky_enabled=&#8221;0&#8243;]<\/p>\n<h4>CONSEILS PERSONNALIS\u00c9S<\/h4>\n<p>[\/et_pb_text][et_pb_text _builder_version=&#8221;4.18.0&#8243; _module_preset=&#8221;97d4d5f8-4c4f-4945-a2c8-88bfb590dd9a&#8221; hover_enabled=&#8221;0&#8243; global_colors_info=&#8221;{}&#8221; sticky_enabled=&#8221;0&#8243;]<\/p>\n<p style=\"text-align: justify;\">Profitez de l&#8217;expertise de notre \u00e9quipe pour des conseils personnalis\u00e9s sur le choix des produits en inox. Nous sommes l\u00e0 pour vous guider sur les designs, les finitions et les applications possibles afin que vos projets b\u00e9n\u00e9ficient de la qualit\u00e9 et de la durabilit\u00e9 de nos produits en inox.<\/p>\n<p>[\/et_pb_text][\/et_pb_column_inner][\/et_pb_row_inner][\/et_pb_column][\/et_pb_section][et_pb_section fb_built=&#8221;1&#8243; _builder_version=&#8221;4.18.0&#8243; _module_preset=&#8221;default&#8221; global_colors_info=&#8221;{}&#8221;][et_pb_row _builder_version=&#8221;4.18.0&#8243; _module_preset=&#8221;default&#8221; global_colors_info=&#8221;{}&#8221;][et_pb_column type=&#8221;4_4&#8243; _builder_version=&#8221;4.18.0&#8243; _module_preset=&#8221;default&#8221; global_colors_info=&#8221;{}&#8221;][et_pb_cta button_url=&#8221;@ET-DC@eyJkeW5hbWljIjp0cnVlLCJjb250ZW50IjoicG9zdF9saW5rX3VybF9wYWdlIiwic2V0dGluZ3MiOnsicG9zdF9pZCI6IjExIn19@&#8221; button_text=&#8221;Nous contacter&#8221; _builder_version=&#8221;4.18.0&#8243; _dynamic_attributes=&#8221;button_url&#8221; _module_preset=&#8221;default&#8221; background_color=&#8221;#393534&#8243; custom_button=&#8221;on&#8221; button_text_size=&#8221;14px&#8221; button_text_color=&#8221;#FFFFFF&#8221; button_bg_color=&#8221;RGBA(255,255,255,0)&#8221; button_border_width=&#8221;2px&#8221; button_border_color=&#8221;#FFFFFF&#8221; button_border_radius=&#8221;5px&#8221; button_letter_spacing=&#8221;0.1em&#8221; button_font=&#8221;Roboto|700||on|||||&#8221; button_custom_padding=&#8221;16px|24px|16px|24px|true|true&#8221; positioning=&#8221;absolute&#8221; position_origin_a=&#8221;bottom_left&#8221; position_origin_a_tablet=&#8221;bottom_left&#8221; position_origin_a_phone=&#8221;bottom_left&#8221; position_origin_a_last_edited=&#8221;on|phone&#8221; position_origin_f_tablet=&#8221;&#8221; position_origin_f_phone=&#8221;&#8221; position_origin_f_last_edited=&#8221;on|phone&#8221; position_origin_r_tablet=&#8221;&#8221; position_origin_r_phone=&#8221;&#8221; position_origin_r_last_edited=&#8221;on|phone&#8221; width=&#8221;100%&#8221; custom_margin=&#8221;-28px|||||&#8221; positioning_tablet=&#8221;absolute&#8221; positioning_phone=&#8221;none&#8221; positioning_last_edited=&#8221;on|phone&#8221; global_colors_info=&#8221;{}&#8221;][\/et_pb_cta][\/et_pb_column][\/et_pb_row][\/et_pb_section][et_pb_section fb_built=&#8221;1&#8243; _builder_version=&#8221;4.18.0&#8243; _module_preset=&#8221;default&#8221; custom_padding=&#8221;2px|||||&#8221; global_colors_info=&#8221;{}&#8221;][et_pb_row _builder_version=&#8221;4.18.0&#8243; _module_preset=&#8221;default&#8221; global_colors_info=&#8221;{}&#8221;][et_pb_column type=&#8221;4_4&#8243; _builder_version=&#8221;4.18.0&#8243; _module_preset=&#8221;default&#8221; global_colors_info=&#8221;{}&#8221;][et_pb_text _builder_version=&#8221;4.18.0&#8243; _module_preset=&#8221;09624ae8-18b1-44e0-a513-886851ea017c&#8221; header_text_color=&#8221;#393534&#8243; header_font_size=&#8221;45px&#8221; text_orientation=&#8221;center&#8221; custom_margin=&#8221;||54px||false|false&#8221; global_colors_info=&#8221;{}&#8221;]<\/p>\n<h1>Avantages de choisir pna<\/h1>\n<p>[\/et_pb_text][\/et_pb_column][\/et_pb_row][et_pb_row column_structure=&#8221;1_3,1_3,1_3&#8243; _builder_version=&#8221;4.18.0&#8243; _module_preset=&#8221;default&#8221; global_colors_info=&#8221;{}&#8221;][et_pb_column type=&#8221;1_3&#8243; _builder_version=&#8221;4.18.0&#8243; _module_preset=&#8221;default&#8221; global_colors_info=&#8221;{}&#8221;][et_pb_icon font_icon=&#8221;&#xf5a2;||fa||900&#8243; icon_width=&#8221;50px&#8221; _builder_version=&#8221;4.18.0&#8243; _module_preset=&#8221;default&#8221; custom_padding=&#8221;15px|15px|15px|15px|true|true&#8221; border_radii=&#8221;on|50px|50px|50px|50px&#8221; border_width_all=&#8221;5px&#8221; border_color_all=&#8221;#393534&#8243; global_colors_info=&#8221;{}&#8221;][\/et_pb_icon][et_pb_text _builder_version=&#8221;4.18.0&#8243; _module_preset=&#8221;97d4d5f8-4c4f-4945-a2c8-88bfb590dd9a&#8221; header_font=&#8221;||||||||&#8221; global_colors_info=&#8221;{}&#8221;]<\/p>\n<p style=\"text-align: justify;\"><span style=\"text-decoration: underline;\"><strong>Qualit\u00e9 In\u00e9gal\u00e9e<\/strong><\/span> &#8211; Notre engagement envers la qualit\u00e9 assure que chaque morceau d&#8217;acier que vous achetez chez nous est durable, fiable et conforme aux normes les plus \u00e9lev\u00e9es.<\/p>\n<p>[\/et_pb_text][\/et_pb_column][et_pb_column type=&#8221;1_3&#8243; _builder_version=&#8221;4.18.0&#8243; _module_preset=&#8221;default&#8221; global_colors_info=&#8221;{}&#8221;][et_pb_icon font_icon=&#8221;&#xf4fc;||fa||900&#8243; icon_width=&#8221;50px&#8221; _builder_version=&#8221;4.18.0&#8243; _module_preset=&#8221;default&#8221; custom_padding=&#8221;15px|10px|15px|10px|true|true&#8221; border_radii=&#8221;on|50px|50px|50px|50px&#8221; border_width_all=&#8221;5px&#8221; border_color_all=&#8221;#393534&#8243; global_colors_info=&#8221;{}&#8221;][\/et_pb_icon][et_pb_text _builder_version=&#8221;4.18.0&#8243; _module_preset=&#8221;97d4d5f8-4c4f-4945-a2c8-88bfb590dd9a&#8221; header_font=&#8221;||||||||&#8221; global_colors_info=&#8221;{}&#8221;]<\/p>\n<p style=\"text-align: justify;\"><span style=\"text-decoration: underline;\"><strong>Service Client D\u00e9di\u00e9<\/strong><\/span> &#8211; Notre \u00e9quipe d\u00e9vou\u00e9e est pr\u00eate \u00e0 r\u00e9pondre \u00e0 toutes vos questions, du processus d&#8217;achat \u00e0 la livraison. Votre satisfaction est notre priorit\u00e9.<\/p>\n<p>[\/et_pb_text][\/et_pb_column][et_pb_column type=&#8221;1_3&#8243; _builder_version=&#8221;4.18.0&#8243; _module_preset=&#8221;default&#8221; global_colors_info=&#8221;{}&#8221;][et_pb_icon font_icon=&#8221;&#xf044;||fa||900&#8243; icon_width=&#8221;50px&#8221; _builder_version=&#8221;4.18.0&#8243; _module_preset=&#8221;default&#8221; custom_padding=&#8221;15px|13px|15px|13px|true|true&#8221; border_radii=&#8221;on|50px|50px|50px|50px&#8221; border_width_all=&#8221;5px&#8221; border_color_all=&#8221;#393534&#8243; global_colors_info=&#8221;{}&#8221;][\/et_pb_icon][et_pb_text _builder_version=&#8221;4.18.0&#8243; _module_preset=&#8221;97d4d5f8-4c4f-4945-a2c8-88bfb590dd9a&#8221; header_font=&#8221;||||||||&#8221; global_colors_info=&#8221;{}&#8221;]<\/p>\n<p style=\"text-align: justify;\"><span style=\"text-decoration: underline;\"><strong>Solutions Personnalis\u00e9es<\/strong><\/span> &#8211; Que vous ayez besoin d&#8217;un volume important pour un projet de construction ou de dimensions sp\u00e9cifiques pour une fabrication, nous sommes pr\u00eats \u00e0 personnaliser nos offres pour r\u00e9pondre \u00e0 vos besoins uniques.<\/p>\n<p>[\/et_pb_text][\/et_pb_column][\/et_pb_row][\/et_pb_section]<\/p>\n","protected":false},"excerpt":{"rendered":"<p>Produits en inoxnos prestationsNous sommes fiers de vous pr\u00e9senter une gamme compl\u00e8te de t\u00f4les de couverture de haute qualit\u00e9, con\u00e7ues pour allier esth\u00e9tique, durabilit\u00e9 et performance. Explorez notre s\u00e9lection pour d\u00e9couvrir comment nos produits peuvent am\u00e9liorer l&#8217;apparence et la protection de vos structures gr\u00e2ce \u00e0 PNA \u00e0 Isigny-le-Buat.UNE GAMME DIVERSIFI\u00c9E D&#8217;INOX POUR SATISFAIRE TOUS VOS [&hellip;]<\/p>\n","protected":false},"author":1,"featured_media":0,"parent":0,"menu_order":0,"comment_status":"closed","ping_status":"closed","template":"","meta":{"_et_pb_use_builder":"on","_et_pb_old_content":"<!-- wp:divi\/placeholder \/-->","_et_gb_content_width":"","footnotes":""},"class_list":["post-125","page","type-page","status-publish","hentry"],"_links":{"self":[{"href":"https:\/\/pna-aciers14.fr\/index.php\/wp-json\/wp\/v2\/pages\/125","targetHints":{"allow":["GET"]}}],"collection":[{"href":"https:\/\/pna-aciers14.fr\/index.php\/wp-json\/wp\/v2\/pages"}],"about":[{"href":"https:\/\/pna-aciers14.fr\/index.php\/wp-json\/wp\/v2\/types\/page"}],"author":[{"embeddable":true,"href":"https:\/\/pna-aciers14.fr\/index.php\/wp-json\/wp\/v2\/users\/1"}],"replies":[{"embeddable":true,"href":"https:\/\/pna-aciers14.fr\/index.php\/wp-json\/wp\/v2\/comments?post=125"}],"version-history":[{"count":5,"href":"https:\/\/pna-aciers14.fr\/index.php\/wp-json\/wp\/v2\/pages\/125\/revisions"}],"predecessor-version":[{"id":300,"href":"https:\/\/pna-aciers14.fr\/index.php\/wp-json\/wp\/v2\/pages\/125\/revisions\/300"}],"wp:attachment":[{"href":"https:\/\/pna-aciers14.fr\/index.php\/wp-json\/wp\/v2\/media?parent=125"}],"curies":[{"name":"wp","href":"https:\/\/api.w.org\/{rel}","templated":true}]}}