{"id":211,"date":"2024-01-26T17:18:00","date_gmt":"2024-01-26T16:18:00","guid":{"rendered":"https:\/\/pna-aciers14.fr\/?page_id=211"},"modified":"2024-07-16T11:19:23","modified_gmt":"2024-07-16T09:19:23","slug":"accessoires","status":"publish","type":"page","link":"https:\/\/pna-aciers14.fr\/index.php\/accessoires\/","title":{"rendered":"Accessoires"},"content":{"rendered":"<p>[et_pb_section fb_built=&#8221;1&#8243; admin_label=&#8221;Header&#8221; _builder_version=&#8221;4.18.0&#8243; _module_preset=&#8221;default&#8221; use_background_color_gradient=&#8221;on&#8221; background_color_gradient_stops=&#8221;rgba(0,0,0,0.8) 30%|rgba(0,0,0,0.1) 100%&#8221; background_color_gradient_overlays_image=&#8221;on&#8221; background_image=&#8221;https:\/\/pna-aciers14.fr\/wp-content\/uploads\/2024\/07\/grillage-2.jpg&#8221; custom_margin=&#8221;||||false|false&#8221; custom_padding=&#8221;5vw||40px||false|false&#8221; collapsed=&#8221;on&#8221; global_colors_info=&#8221;{}&#8221;][et_pb_row _builder_version=&#8221;4.20.0&#8243; _module_preset=&#8221;default&#8221; custom_margin=&#8221;|auto|152px|auto||&#8221; global_colors_info=&#8221;{}&#8221;][et_pb_column type=&#8221;4_4&#8243; _builder_version=&#8221;4.20.0&#8243; _module_preset=&#8221;default&#8221; global_colors_info=&#8221;{}&#8221;][et_pb_text _builder_version=&#8221;4.20.0&#8243; _module_preset=&#8221;6fd52080-1bfd-4672-bd16-6aa354c1ed77&#8243; header_text_color=&#8221;#FFFFFF&#8221; custom_margin=&#8221;||10px||false|false&#8221; locked=&#8221;off&#8221; global_colors_info=&#8221;{}&#8221;]<\/p>\n<h1>Accessoires<\/h1>\n<p>[\/et_pb_text][et_pb_text _builder_version=&#8221;4.18.0&#8243; _module_preset=&#8221;060f4849-082b-4530-a9fc-3e0510c1f2f3&#8243; text_text_color=&#8221;#FFFFFF&#8221; locked=&#8221;off&#8221; global_colors_info=&#8221;{}&#8221;]<\/p>\n<p>Vente de produits m\u00e9tallurgiques \u00e0 Isigny-Le-Buat (Manche)<\/p>\n<p>[\/et_pb_text][et_pb_button button_url=&#8221;@ET-DC@eyJkeW5hbWljIjp0cnVlLCJjb250ZW50IjoicG9zdF9saW5rX3VybF9wYWdlIiwic2V0dGluZ3MiOnsicG9zdF9pZCI6IjExIn19@&#8221; button_text=&#8221;Nous contacter&#8221; _builder_version=&#8221;4.18.0&#8243; _dynamic_attributes=&#8221;button_url&#8221; _module_preset=&#8221;b41c3482-5bc1-45ff-a287-43e14c7daaa2&#8243; button_bg_color=&#8221;#E91A24&#8243; locked=&#8221;off&#8221; global_colors_info=&#8221;{}&#8221;][\/et_pb_button][\/et_pb_column][\/et_pb_row][\/et_pb_section][et_pb_section fb_built=&#8221;1&#8243; admin_label=&#8221;Call to Action&#8221; _builder_version=&#8221;4.20.0&#8243; _module_preset=&#8221;default&#8221; custom_padding=&#8221;0px||0px||true|false&#8221; collapsed=&#8221;on&#8221; global_colors_info=&#8221;{}&#8221;][et_pb_row column_structure=&#8221;1_2,1_2&#8243; use_custom_gutter=&#8221;on&#8221; gutter_width=&#8221;1&#8243; make_equal=&#8221;on&#8221; _builder_version=&#8221;4.18.0&#8243; _module_preset=&#8221;default&#8221; width=&#8221;100%&#8221; max_width=&#8221;none&#8221; custom_padding=&#8221;0px||0px||true|false&#8221; global_colors_info=&#8221;{}&#8221;][et_pb_column type=&#8221;1_2&#8243; _builder_version=&#8221;4.18.0&#8243; _module_preset=&#8221;default&#8221; use_background_color_gradient=&#8221;on&#8221; background_color_gradient_stops=&#8221;gcid-1f9b0bb3-481a-49f1-9fe6-999fc3c3182b 0%|rgba(34,34,34,0.7) 100%&#8221; background_color_gradient_overlays_image=&#8221;on&#8221; background_image=&#8221;https:\/\/pna-aciers14.fr\/wp-content\/uploads\/2024\/01\/marteau-dans-entrepot-industriel-scaled.jpg&#8221; custom_padding=&#8221;26vw|6vw|6vw|6vw|false|true&#8221; custom_padding_tablet=&#8221;6vw||||false|true&#8221; custom_padding_phone=&#8221;6vw||||false|true&#8221; custom_padding_last_edited=&#8221;on|tablet&#8221; global_colors_info=&#8221;{%22gcid-1f9b0bb3-481a-49f1-9fe6-999fc3c3182b%22:%91%22background_color_gradient_stops%22%93}&#8221;][et_pb_text _builder_version=&#8221;4.20.0&#8243; _module_preset=&#8221;9c109d95-4014-4c1d-ae91-1fa53ddb7a38&#8243; header_2_text_color=&#8221;#FFFFFF&#8221; custom_margin=&#8221;-279px||30px||false|false&#8221; global_colors_info=&#8221;{}&#8221;]<\/p>\n<h2 style=\"text-align: left;\">P.N.A : Votre Partenaire de Confiance pour la fourniture d&#8217;acier, d&#8217;Inox, d&#8217;Alu et Plus Encore<\/h2>\n<p>[\/et_pb_text][et_pb_text _builder_version=&#8221;4.18.0&#8243; _module_preset=&#8221;91060566-7291-4a0d-a6cb-6d7a8aafd94b&#8221; text_text_color=&#8221;#FFFFFF&#8221; text_font_size=&#8221;16px&#8221; custom_margin=&#8221;||-11px||false|false&#8221; global_colors_info=&#8221;{}&#8221;]<\/p>\n<p>D\u00e9couvrez notre gamme exceptionnelle de t\u00f4les en polycarbonate, disponibles tant en format couverture que bardage pour r\u00e9pondre \u00e0 tous vos besoins en mati\u00e8re de construction et d&#8217;am\u00e9nagement.<\/p>\n<p style=\"text-align: justify;\">Pour la couverture, nos t\u00f4les polycarbonate sont propos\u00e9es en format 3-45-1000, garantissant une performance optimale et une protection efficace contre les intemp\u00e9ries. Leur conception soigneuse permet une adaptation parfaite \u00e0 divers projets architecturaux.<\/p>\n<p style=\"text-align: justify;\">Si vous optez pour le bardage, nos t\u00f4les se d\u00e9clinent en format 4-25-1070, offrant non seulement une protection robuste, mais \u00e9galement une esth\u00e9tique moderne pour vos fa\u00e7ades.<\/p>\n<p>&nbsp;<\/p>\n<p>[\/et_pb_text][\/et_pb_column][et_pb_column type=&#8221;1_2&#8243; _builder_version=&#8221;4.18.0&#8243; _module_preset=&#8221;default&#8221; background_image=&#8221;https:\/\/pna-aciers14.fr\/wp-content\/uploads\/2024\/07\/427694847_912607807018734_1767556620722864925_n.jpg&#8221; custom_padding=&#8221;10vw|10vw|10vw|10vw|true|true&#8221; box_shadow_style=&#8221;preset4&#8243; box_shadow_horizontal=&#8221;0px&#8221; box_shadow_vertical=&#8221;0px&#8221; box_shadow_spread=&#8221;6vw&#8221; box_shadow_color=&#8221;#FFFFFF&#8221; box_shadow_position=&#8221;inner&#8221; global_colors_info=&#8221;{}&#8221;][et_pb_image src=&#8221;https:\/\/pna-aciers14.fr\/wp-content\/uploads\/2024\/07\/CAILLEBOSTIS.jpg&#8221; title_text=&#8221;CAILLEBOSTIS&#8221; align=&#8221;center&#8221; _builder_version=&#8221;4.18.0&#8243; _module_preset=&#8221;default&#8221; border_radii=&#8221;on|5px|5px|5px|5px&#8221; border_width_all=&#8221;10px&#8221; border_color_all=&#8221;#E91A24&#8243; global_colors_info=&#8221;{}&#8221;][\/et_pb_image][\/et_pb_column][\/et_pb_row][\/et_pb_section][et_pb_section fb_built=&#8221;1&#8243; make_equal=&#8221;on&#8221; specialty=&#8221;on&#8221; background_color_1=&#8221;#E91A24&#8243; padding_top_1=&#8221;30px&#8221; padding_right_1=&#8221;30px&#8221; padding_bottom_1=&#8221;30px&#8221; padding_left_1=&#8221;30px&#8221; padding_top_bottom_link_1=&#8221;true&#8221; padding_left_right_link_1=&#8221;true&#8221; _builder_version=&#8221;4.18.0&#8243; _module_preset=&#8221;default&#8221; custom_padding=&#8221;0px||0px||true|&#8221; global_colors_info=&#8221;{}&#8221;][et_pb_column type=&#8221;1_3&#8243; admin_label=&#8221;Colonne&#8221; _builder_version=&#8221;4.16&#8243; _module_preset=&#8221;default&#8221; custom_padding=&#8221;|||&#8221; global_colors_info=&#8221;{}&#8221; custom_padding__hover=&#8221;|||&#8221;][et_pb_text _builder_version=&#8221;4.18.0&#8243; _module_preset=&#8221;09624ae8-18b1-44e0-a513-886851ea017c&#8221; header_text_color=&#8221;#FFFFFF&#8221; header_font_size=&#8221;45px&#8221; text_orientation=&#8221;center&#8221; custom_margin=&#8221;||54px||false|false&#8221; global_colors_info=&#8221;{}&#8221;]<\/p>\n<h1>nos prestations<\/h1>\n<p>[\/et_pb_text][et_pb_menu menu_id=&#8221;10&#8243; dropdown_menu_bg_color=&#8221;#E91A24&#8243; dropdown_menu_line_color=&#8221;#E91A24&#8243; dropdown_menu_text_color=&#8221;#E91A24&#8243; dropdown_menu_active_link_color=&#8221;#E91A24&#8243; mobile_menu_bg_color=&#8221;#E91A24&#8243; mobile_menu_text_color=&#8221;#E91A24&#8243; _builder_version=&#8221;4.18.0&#8243; _module_preset=&#8221;default&#8221; menu_font=&#8221;Roboto Condensed|700|||||||&#8221; menu_text_color=&#8221;#FFFFFF&#8221; menu_font_size=&#8221;22px&#8221; menu_line_height=&#8221;2em&#8221; background_color=&#8221;RGBA(255,255,255,0)&#8221; global_colors_info=&#8221;{}&#8221; menu_text_color__hover_enabled=&#8221;on|desktop&#8221; menu_text_color__hover=&#8221;#393534&#8243;][\/et_pb_menu][\/et_pb_column][et_pb_column type=&#8221;2_3&#8243; specialty_columns=&#8221;2&#8243; _builder_version=&#8221;4.16&#8243; _module_preset=&#8221;default&#8221; custom_padding=&#8221;|||&#8221; global_colors_info=&#8221;{}&#8221; custom_padding__hover=&#8221;|||&#8221;][et_pb_row_inner _builder_version=&#8221;4.18.0&#8243; _module_preset=&#8221;default&#8221; global_colors_info=&#8221;{}&#8221;][et_pb_column_inner saved_specialty_column_type=&#8221;2_3&#8243; _builder_version=&#8221;4.20.0&#8243; _module_preset=&#8221;default&#8221; global_colors_info=&#8221;{}&#8221;][et_pb_text _builder_version=&#8221;4.20.0&#8243; _module_preset=&#8221;d6d98d4b-c702-4848-970b-b6ebdcd37453&#8243; locked=&#8221;off&#8221; global_colors_info=&#8221;{}&#8221;]<\/p>\n<h4 style=\"text-align: justify;\">Que vous travailliez sur des projets r\u00e9sidentiels, commerciaux ou industriels, nos t\u00f4les en polycarbonate sont une solution polyvalente et fiable pour vos besoins de couverture et de bardage.<\/h4>\n<h4 style=\"text-align: justify;\">Faites confiance \u00e0 notre stock abondant pour vous fournir rapidement les mat\u00e9riaux n\u00e9cessaires \u00e0 la concr\u00e9tisation r\u00e9ussie de vos projets.<\/h4>\n<p>[\/et_pb_text][et_pb_image src=&#8221;https:\/\/pna-aciers14.fr\/wp-content\/uploads\/2024\/07\/427694847_912607807018734_1767556620722864925_n.jpg&#8221; _builder_version=&#8221;4.18.0&#8243; _module_preset=&#8221;default&#8221; hover_enabled=&#8221;0&#8243; locked=&#8221;off&#8221; global_colors_info=&#8221;{}&#8221; title_text=&#8221;427694847_912607807018734_1767556620722864925_n&#8221; sticky_enabled=&#8221;0&#8243;][\/et_pb_image][et_pb_text module_id=&#8221;policedepartment&#8221; _builder_version=&#8221;4.18.0&#8243; _module_preset=&#8221;d6d98d4b-c702-4848-970b-b6ebdcd37453&#8243; custom_margin=&#8221;||0px||false|false&#8221; global_colors_info=&#8221;{}&#8221;]<\/p>\n<h4>Large Gamme de Produits<\/h4>\n<p>[\/et_pb_text][et_pb_text _builder_version=&#8221;4.18.0&#8243; _module_preset=&#8221;97d4d5f8-4c4f-4945-a2c8-88bfb590dd9a&#8221; global_colors_info=&#8221;{}&#8221;]<\/p>\n<p style=\"text-align: justify;\">En plus des t\u00f4les polycarbonate, retrouvez en stock les accessoires essentiels comme les faitages, les rives \u00e0 rejet, les angles, etc. Nous proposons \u00e9galement des t\u00f4les planes laqu\u00e9es, ajustables par coupe et pliage selon vos besoins pr\u00e9cis.<\/p>\n<p style=\"text-align: justify;\">\u00c9quip\u00e9s d&#8217;une cisaille et d&#8217;une plieuse performantes, nous sommes pr\u00eats \u00e0 concevoir sur mesure tous vos accessoires, garantissant ainsi une solution parfaitement adapt\u00e9e \u00e0 vos projets de couverture et de bardage.<\/p>\n<p>[\/et_pb_text][et_pb_text _builder_version=&#8221;4.20.0&#8243; _module_preset=&#8221;97d4d5f8-4c4f-4945-a2c8-88bfb590dd9a&#8221; global_colors_info=&#8221;{}&#8221; custom_padding=&#8221;||39px|||&#8221;]<\/p>\n<p style=\"text-align: justify;\">D\u00e9couvrez la praticit\u00e9 des panneaux tuiles faciles : maniables, r\u00e9sistants, modulables, et s&#8217;installent sans d\u00e9coupe !<\/p>\n<p style=\"text-align: justify;\">Que vous choisissiez de les poser sur une couverture existante ou sur des liteaux, ces plaques offrent une solution polyvalente et accessible. La simplicit\u00e9 et la rapidit\u00e9 caract\u00e9risent la pose des panneaux tuiles faciles, parfaitement adapt\u00e9s pour diff\u00e9rents types de structures,<\/p>\n<p style=\"text-align: justify;\">notamment :<\/p>\n<ul>\n<li>Abri de jardin<\/li>\n<li>Abri b\u00fbches<\/li>\n<li>Chalet de jardin<\/li>\n<li>Cabanon<\/li>\n<li>Pergola<\/li>\n<\/ul>\n<p style=\"text-align: justify;\">Profitez d&#8217;une solution efficace pour embellir et prot\u00e9ger vos espaces ext\u00e9rieurs, sans les contraintes de la d\u00e9coupe. Les panneaux tuiles faciles sont la r\u00e9ponse id\u00e9ale pour une installation ais\u00e9e et un r\u00e9sultat esth\u00e9tique sur mesure.<\/p>\n<p style=\"text-align: justify;\">\n<div class=\"group\/conversation-turn relative flex w-full min-w-0 flex-col agent-turn\">\n<div class=\"flex-col gap-1 md:gap-3\">\n<div class=\"flex flex-grow flex-col max-w-full\">\n<div data-message-author-role=\"assistant\" data-message-id=\"e2c37b4b-573e-40be-b88a-fcbf15610a7d\" dir=\"auto\" class=\"min-h-[20px] text-message flex flex-col items-start whitespace-pre-wrap break-words [.text-message+&amp;]:mt-5 juice:w-full juice:items-end overflow-x-auto gap-2\">\n<div class=\"flex w-full flex-col gap-1 juice:empty:hidden juice:first:pt-[3px]\">\n<div class=\"markdown prose w-full break-words dark:prose-invert light\">\n<p>Les longueurs standard disponibles sont les suivantes :<\/p>\n<ul>\n<li>2.30 m\u00e8tres<\/li>\n<li>3.00 m\u00e8tres<\/li>\n<li>3.70 m\u00e8tres<\/li>\n<li>4.70 m\u00e8tres<\/li>\n<\/ul>\n<p>Ces dimensions offrent une vari\u00e9t\u00e9 d&#8217;options pour r\u00e9pondre \u00e0 vos besoins sp\u00e9cifiques, assurant une flexibilit\u00e9 dans le choix des mat\u00e9riaux en fonction des exigences de votre projet.<\/p>\n<p>Nous proposons des services de galvanisation \u00e0 chaud avec une navette disponible chaque lundi et mercredi.<\/p>\n<\/div>\n<\/div>\n<\/div>\n<\/div>\n<\/div>\n<\/div>\n<p>[\/et_pb_text][\/et_pb_column_inner][\/et_pb_row_inner][\/et_pb_column][\/et_pb_section][et_pb_section fb_built=&#8221;1&#8243; _builder_version=&#8221;4.18.0&#8243; _module_preset=&#8221;default&#8221; global_colors_info=&#8221;{}&#8221; custom_padding=&#8221;34px|||||&#8221;][et_pb_row _builder_version=&#8221;4.18.0&#8243; _module_preset=&#8221;default&#8221; global_colors_info=&#8221;{}&#8221;][et_pb_column type=&#8221;4_4&#8243; _builder_version=&#8221;4.18.0&#8243; _module_preset=&#8221;default&#8221; global_colors_info=&#8221;{}&#8221;][et_pb_cta button_url=&#8221;@ET-DC@eyJkeW5hbWljIjp0cnVlLCJjb250ZW50IjoicG9zdF9saW5rX3VybF9wYWdlIiwic2V0dGluZ3MiOnsicG9zdF9pZCI6IjExIn19@&#8221; button_text=&#8221;Nous contacter&#8221; _builder_version=&#8221;4.18.0&#8243; _dynamic_attributes=&#8221;button_url&#8221; _module_preset=&#8221;default&#8221; background_color=&#8221;#393534&#8243; custom_button=&#8221;on&#8221; button_text_size=&#8221;14px&#8221; button_text_color=&#8221;#FFFFFF&#8221; button_bg_color=&#8221;RGBA(255,255,255,0)&#8221; button_border_width=&#8221;2px&#8221; button_border_color=&#8221;#FFFFFF&#8221; button_border_radius=&#8221;5px&#8221; button_letter_spacing=&#8221;0.1em&#8221; button_font=&#8221;Roboto|700||on|||||&#8221; button_custom_padding=&#8221;16px|24px|16px|24px|true|true&#8221; positioning=&#8221;absolute&#8221; position_origin_a=&#8221;bottom_left&#8221; position_origin_a_tablet=&#8221;bottom_left&#8221; position_origin_a_phone=&#8221;bottom_left&#8221; position_origin_a_last_edited=&#8221;on|phone&#8221; position_origin_f_tablet=&#8221;&#8221; position_origin_f_phone=&#8221;&#8221; position_origin_f_last_edited=&#8221;on|phone&#8221; position_origin_r_tablet=&#8221;&#8221; position_origin_r_phone=&#8221;&#8221; position_origin_r_last_edited=&#8221;on|phone&#8221; width=&#8221;100%&#8221; custom_margin=&#8221;3px|||||&#8221; positioning_tablet=&#8221;absolute&#8221; positioning_phone=&#8221;none&#8221; positioning_last_edited=&#8221;on|phone&#8221; global_colors_info=&#8221;{}&#8221; custom_padding=&#8221;8px||16px|||&#8221; min_height=&#8221;92.8px&#8221;][\/et_pb_cta][\/et_pb_column][\/et_pb_row][\/et_pb_section][et_pb_section fb_built=&#8221;1&#8243; _builder_version=&#8221;4.18.0&#8243; _module_preset=&#8221;default&#8221; global_colors_info=&#8221;{}&#8221;][et_pb_row _builder_version=&#8221;4.18.0&#8243; _module_preset=&#8221;default&#8221; global_colors_info=&#8221;{}&#8221;][et_pb_column type=&#8221;4_4&#8243; _builder_version=&#8221;4.18.0&#8243; _module_preset=&#8221;default&#8221; global_colors_info=&#8221;{}&#8221;][et_pb_text _builder_version=&#8221;4.18.0&#8243; _module_preset=&#8221;09624ae8-18b1-44e0-a513-886851ea017c&#8221; header_text_color=&#8221;#393534&#8243; header_font_size=&#8221;45px&#8221; text_orientation=&#8221;center&#8221; custom_margin=&#8221;||54px||false|false&#8221; global_colors_info=&#8221;{}&#8221;]<\/p>\n<h1>Avantages de choisir pna<\/h1>\n<p>[\/et_pb_text][\/et_pb_column][\/et_pb_row][et_pb_row column_structure=&#8221;1_3,1_3,1_3&#8243; _builder_version=&#8221;4.18.0&#8243; _module_preset=&#8221;default&#8221; global_colors_info=&#8221;{}&#8221;][et_pb_column type=&#8221;1_3&#8243; _builder_version=&#8221;4.18.0&#8243; _module_preset=&#8221;default&#8221; global_colors_info=&#8221;{}&#8221;][et_pb_icon font_icon=&#8221;&#xf5a2;||fa||900&#8243; icon_width=&#8221;50px&#8221; _builder_version=&#8221;4.18.0&#8243; _module_preset=&#8221;default&#8221; custom_padding=&#8221;15px|15px|15px|15px|true|true&#8221; border_radii=&#8221;on|50px|50px|50px|50px&#8221; border_width_all=&#8221;5px&#8221; border_color_all=&#8221;#393534&#8243; global_colors_info=&#8221;{}&#8221;][\/et_pb_icon][et_pb_text _builder_version=&#8221;4.18.0&#8243; _module_preset=&#8221;97d4d5f8-4c4f-4945-a2c8-88bfb590dd9a&#8221; header_font=&#8221;||||||||&#8221; global_colors_info=&#8221;{}&#8221;]<\/p>\n<p style=\"text-align: justify;\"><span style=\"text-decoration: underline;\"><strong>Qualit\u00e9 In\u00e9gal\u00e9e<\/strong><\/span> &#8211; Notre engagement envers la qualit\u00e9 assure que chaque morceau d&#8217;acier que vous achetez chez nous est durable, fiable et conforme aux normes les plus \u00e9lev\u00e9es.<\/p>\n<p>[\/et_pb_text][\/et_pb_column][et_pb_column type=&#8221;1_3&#8243; _builder_version=&#8221;4.18.0&#8243; _module_preset=&#8221;default&#8221; global_colors_info=&#8221;{}&#8221;][et_pb_icon font_icon=&#8221;&#xf4fc;||fa||900&#8243; icon_width=&#8221;50px&#8221; _builder_version=&#8221;4.18.0&#8243; _module_preset=&#8221;default&#8221; custom_padding=&#8221;15px|10px|15px|10px|true|true&#8221; border_radii=&#8221;on|50px|50px|50px|50px&#8221; border_width_all=&#8221;5px&#8221; border_color_all=&#8221;#393534&#8243; global_colors_info=&#8221;{}&#8221;][\/et_pb_icon][et_pb_text _builder_version=&#8221;4.18.0&#8243; _module_preset=&#8221;97d4d5f8-4c4f-4945-a2c8-88bfb590dd9a&#8221; header_font=&#8221;||||||||&#8221; global_colors_info=&#8221;{}&#8221;]<\/p>\n<p style=\"text-align: justify;\"><span style=\"text-decoration: underline;\"><strong>Service Client D\u00e9di\u00e9<\/strong><\/span> &#8211; Notre \u00e9quipe d\u00e9vou\u00e9e est pr\u00eate \u00e0 r\u00e9pondre \u00e0 toutes vos questions, du processus d&#8217;achat \u00e0 la livraison. Votre satisfaction est notre priorit\u00e9.<\/p>\n<p>[\/et_pb_text][\/et_pb_column][et_pb_column type=&#8221;1_3&#8243; _builder_version=&#8221;4.18.0&#8243; _module_preset=&#8221;default&#8221; global_colors_info=&#8221;{}&#8221;][et_pb_icon font_icon=&#8221;&#xf044;||fa||900&#8243; icon_width=&#8221;50px&#8221; _builder_version=&#8221;4.18.0&#8243; _module_preset=&#8221;default&#8221; custom_padding=&#8221;15px|13px|15px|13px|true|true&#8221; border_radii=&#8221;on|50px|50px|50px|50px&#8221; border_width_all=&#8221;5px&#8221; border_color_all=&#8221;#393534&#8243; global_colors_info=&#8221;{}&#8221;][\/et_pb_icon][et_pb_text _builder_version=&#8221;4.18.0&#8243; _module_preset=&#8221;97d4d5f8-4c4f-4945-a2c8-88bfb590dd9a&#8221; header_font=&#8221;||||||||&#8221; global_colors_info=&#8221;{}&#8221;]<\/p>\n<p style=\"text-align: justify;\"><span style=\"text-decoration: underline;\"><strong>Solutions Personnalis\u00e9es<\/strong><\/span> &#8211; Que vous ayez besoin d&#8217;un volume important pour un projet de construction ou de dimensions sp\u00e9cifiques pour une fabrication, nous sommes pr\u00eats \u00e0 personnaliser nos offres pour r\u00e9pondre \u00e0 vos besoins uniques.<\/p>\n<p>[\/et_pb_text][\/et_pb_column][\/et_pb_row][\/et_pb_section]<\/p>\n","protected":false},"excerpt":{"rendered":"<p>AccessoiresVente de produits m\u00e9tallurgiques \u00e0 Isigny-Le-Buat (Manche)P.N.A : Votre Partenaire de Confiance pour la fourniture d&#8217;acier, d&#8217;Inox, d&#8217;Alu et Plus EncoreD\u00e9couvrez notre gamme exceptionnelle de t\u00f4les en polycarbonate, disponibles tant en format couverture que bardage pour r\u00e9pondre \u00e0 tous vos besoins en mati\u00e8re de construction et d&#8217;am\u00e9nagement. Pour la couverture, nos t\u00f4les polycarbonate sont propos\u00e9es [&hellip;]<\/p>\n","protected":false},"author":1,"featured_media":0,"parent":0,"menu_order":0,"comment_status":"closed","ping_status":"closed","template":"","meta":{"_et_pb_use_builder":"on","_et_pb_old_content":"<!-- wp:divi\/placeholder \/-->","_et_gb_content_width":"","footnotes":""},"class_list":["post-211","page","type-page","status-publish","hentry"],"_links":{"self":[{"href":"https:\/\/pna-aciers14.fr\/index.php\/wp-json\/wp\/v2\/pages\/211","targetHints":{"allow":["GET"]}}],"collection":[{"href":"https:\/\/pna-aciers14.fr\/index.php\/wp-json\/wp\/v2\/pages"}],"about":[{"href":"https:\/\/pna-aciers14.fr\/index.php\/wp-json\/wp\/v2\/types\/page"}],"author":[{"embeddable":true,"href":"https:\/\/pna-aciers14.fr\/index.php\/wp-json\/wp\/v2\/users\/1"}],"replies":[{"embeddable":true,"href":"https:\/\/pna-aciers14.fr\/index.php\/wp-json\/wp\/v2\/comments?post=211"}],"version-history":[{"count":4,"href":"https:\/\/pna-aciers14.fr\/index.php\/wp-json\/wp\/v2\/pages\/211\/revisions"}],"predecessor-version":[{"id":304,"href":"https:\/\/pna-aciers14.fr\/index.php\/wp-json\/wp\/v2\/pages\/211\/revisions\/304"}],"wp:attachment":[{"href":"https:\/\/pna-aciers14.fr\/index.php\/wp-json\/wp\/v2\/media?parent=211"}],"curies":[{"name":"wp","href":"https:\/\/api.w.org\/{rel}","templated":true}]}}